{"id":2,"date":"2014-02-06T13:38:23","date_gmt":"2014-02-06T11:38:23","guid":{"rendered":"http:\/\/www.landstreicher-musik.de\/\/?page_id=2"},"modified":"2024-11-03T22:32:25","modified_gmt":"2024-11-03T20:32:25","slug":"beispiel-seite","status":"publish","type":"page","link":"https:\/\/www.landstreicher-musik.de\/","title":{"rendered":"Start-Seite"},"content":{"rendered":"<p><strong>UPDATE 2024: Wir spielen wieder. Nach einer l\u00e4ngeren Pause sind wir wieder da f\u00fcr euch :-)<\/strong><\/p>\n<p>Die LandStreicher spielen urfr\u00e4nkische Volxmusik zum Zuh\u00f6ren, Tanzen, Mitmachen. Zwei Geigen f\u00fcr mitrei\u00dfende Melodien, eine Gitarre f\u00fcr den \u201eDrive\u201c und ein Kontrabass f\u00fcr die Tiefe. Dazu vier Mundwerke f\u00fcr freche, lustige und manchmal \u201edreggate\u201c Texte.<\/p>\n<p>In die <strong>urfr\u00e4nkische<\/strong> Idylle schleichen sich manchmal <strong>folkige<\/strong> T\u00f6ne oder alte Schnulzen, Angejazztes und Folklore aus aller Welt ein &#8211; da mischt sich der wei\u00dfe Flieder mit einem Rheinl\u00e4nder oder \u201eEine Insel mit zwei Bergen\u201c w\u00e4chst aus einem traditionellen Schottisch. Wer will kann alte T\u00e4nze lernen &#8211; oder auch nur zuh\u00f6ren.<strong><br \/>\n<\/strong><\/p>\n<p><strong>A<\/strong><strong>chso:<\/strong> Das Ganze ist nat\u00fcrlich unverst\u00e4rkt bzw. \u201eunplugged\u201c wie\u00b4s auf neudeutsch hei\u00dft. Und garantiert: Stadelfrei! Was ist Volxmusik eigentlich? Mehr dar\u00fcber <a href=\"http:\/\/landstreicher-musik.de\/alt\/index.php\/filosofie.html\">hier<\/a><\/p>\n<p>&nbsp;<\/p>\n<p>Die LandStreicher<br \/>\n<strong>Fr\u00e4nkische Volxmusik<\/strong><br \/>\nUnverst\u00e4rkt und stark im Kommen<br \/>\nTel 09366. 99443<br \/>\nFax 09366. 99442<br \/>\n<a href=\"mailto:info@landstreicher-musik.de\">info@landstreicher-musik.de<\/a><\/p>\n","protected":false},"excerpt":{"rendered":"<p>UPDATE 2024: Wir spielen wieder. Nach einer l\u00e4ngeren Pause sind wir wieder da f\u00fcr euch :-) Die LandStreicher spielen urfr\u00e4nkische Volxmusik zum Zuh\u00f6ren, Tanzen, Mitmachen. Zwei Geigen f\u00fcr mitrei\u00dfende Melodien, eine Gitarre f\u00fcr den \u201eDrive\u201c und ein Kontrabass f\u00fcr die Tiefe. Dazu vier Mundwerke f\u00fcr freche, lustige und manchmal \u201edreggate\u201c Texte. In die urfr\u00e4nkische Idylle &#8230; <span class=\"more\"><a class=\"more-link\" href=\"https:\/\/www.landstreicher-musik.de\/\">[Read more&#8230;]<\/a><\/span><\/p>\n","protected":false},"author":1,"featured_media":0,"parent":0,"menu_order":0,"comment_status":"closed","ping_status":"closed","template":"","meta":{"ngg_post_thumbnail":0,"footnotes":""},"class_list":["entry","page","publish","author-wp_admin","post-2"],"_links":{"self":[{"href":"https:\/\/www.landstreicher-musik.de\/index.php?rest_route=\/wp\/v2\/pages\/2","targetHints":{"allow":["GET"]}}],"collection":[{"href":"https:\/\/www.landstreicher-musik.de\/index.php?rest_route=\/wp\/v2\/pages"}],"about":[{"href":"https:\/\/www.landstreicher-musik.de\/index.php?rest_route=\/wp\/v2\/types\/page"}],"author":[{"embeddable":true,"href":"https:\/\/www.landstreicher-musik.de\/index.php?rest_route=\/wp\/v2\/users\/1"}],"replies":[{"embeddable":true,"href":"https:\/\/www.landstreicher-musik.de\/index.php?rest_route=%2Fwp%2Fv2%2Fcomments&post=2"}],"version-history":[{"count":17,"href":"https:\/\/www.landstreicher-musik.de\/index.php?rest_route=\/wp\/v2\/pages\/2\/revisions"}],"predecessor-version":[{"id":1099,"href":"https:\/\/www.landstreicher-musik.de\/index.php?rest_route=\/wp\/v2\/pages\/2\/revisions\/1099"}],"wp:attachment":[{"href":"https:\/\/www.landstreicher-musik.de\/index.php?rest_route=%2Fwp%2Fv2%2Fmedia&parent=2"}],"curies":[{"name":"wp","href":"https:\/\/api.w.org\/{rel}","templated":true}]}}