{"id":36,"date":"2014-03-19T19:13:27","date_gmt":"2014-03-19T17:13:27","guid":{"rendered":"http:\/\/www.landstreicher-musik.de\/?page_id=36"},"modified":"2014-03-24T17:43:17","modified_gmt":"2014-03-24T15:43:17","slug":"inhalt-1","status":"publish","type":"page","link":"https:\/\/www.landstreicher-musik.de\/?page_id=36","title":{"rendered":"Programm"},"content":{"rendered":"<div><strong><img loading=\"lazy\" decoding=\"async\" alt=\"\" src=\"https:\/\/www.landstreicher-musik.de\/alt\/images\/dot1.jpg\" width=\"15\" height=\"15\" \/><\/strong> <strong>Konzert-Programm<\/strong><\/p>\n<p>Das konzertante LandStreicher-Abendprogramm bietet eine Querschnitt durch ur-fr\u00e4nkisches Repertoire: Walzer, Rheinl\u00e4nder, Schottisch, Mazurka, Zwiefache und Lieder.<\/p>\n<p><strong><img loading=\"lazy\" decoding=\"async\" alt=\"\" src=\"https:\/\/www.landstreicher-musik.de\/alt\/images\/dot1.jpg\" width=\"15\" height=\"15\" \/><\/strong><strong>Tanz-Programm<\/strong><\/p>\n<p>Das Tanzprogramm ist f\u00fcr Volkstanz-Verantaltungen geeignet. Bitte vorher Raumgr\u00f6\u00dfe abkl\u00e4ren &#8211; wir spielen ja unverst\u00e4rkt&#8230;<\/p>\n<p><strong><img loading=\"lazy\" decoding=\"async\" alt=\"\" src=\"https:\/\/www.landstreicher-musik.de\/alt\/images\/dot1.jpg\" width=\"15\" height=\"15\" \/><\/strong> <strong>Mitmach-Programm<\/strong><\/p>\n<p>Die LandStreicher animieren zum Zuh\u00f6ren, Tanzen, Mitmachen. Lernen Sie fr\u00e4nkische Figuren-T\u00e4nze kennnen, wir leiten an und schwupp: Schon sind Sie statt passiver Konsument ein h\u00f6chst aktiver Mitmacher&#8230;<\/p>\n<p><strong><img loading=\"lazy\" decoding=\"async\" alt=\"\" src=\"https:\/\/www.landstreicher-musik.de\/alt\/images\/dot1.jpg\" width=\"14\" height=\"15\" \/><\/strong> <strong>Unterhaltungs-Programm<\/strong><\/p>\n<p>Die LandStreicher spielen auf Ihrer Feier, als Hintergrund bei einem festlichen Essen, Opas Geburstag, und, und, und&#8230;<\/p>\n<\/div>\n<address><strong><img loading=\"lazy\" decoding=\"async\" alt=\"\" src=\"https:\/\/www.landstreicher-musik.de\/alt\/images\/dot1.jpg\" width=\"14\" height=\"15\" \/><\/strong><strong> <\/strong>Themen-Programm<\/address>\n<div>\n<strong> <\/strong>Wir lassen uns etwas f\u00fcr Sie einfallen<strong>.<\/strong><br \/>\n<strong> <\/strong>Wir freuen uns auf Ihr Engagement!<\/p>\n<p>Ihre LandStreicher<\/p><\/div>\n<p>&nbsp;<\/p>\n","protected":false},"excerpt":{"rendered":"<p>Konzert-Programm Das konzertante LandStreicher-Abendprogramm bietet eine Querschnitt durch ur-fr\u00e4nkisches Repertoire: Walzer, Rheinl\u00e4nder, Schottisch, Mazurka, Zwiefache und Lieder. Tanz-Programm Das Tanzprogramm ist f\u00fcr Volkstanz-Verantaltungen geeignet. Bitte vorher Raumgr\u00f6\u00dfe abkl\u00e4ren &#8211; wir spielen ja unverst\u00e4rkt&#8230; Mitmach-Programm Die LandStreicher animieren zum Zuh\u00f6ren, Tanzen, Mitmachen. Lernen Sie fr\u00e4nkische Figuren-T\u00e4nze kennnen, wir leiten an und schwupp: Schon sind Sie statt &#8230; <span class=\"more\"><a class=\"more-link\" href=\"https:\/\/www.landstreicher-musik.de\/?page_id=36\">[Read more&#8230;]<\/a><\/span><\/p>\n","protected":false},"author":1,"featured_media":0,"parent":0,"menu_order":0,"comment_status":"closed","ping_status":"closed","template":"","meta":{"ngg_post_thumbnail":0,"footnotes":""},"class_list":["entry","page","publish","author-wp_admin","post-36"],"_links":{"self":[{"href":"https:\/\/www.landstreicher-musik.de\/index.php?rest_route=\/wp\/v2\/pages\/36","targetHints":{"allow":["GET"]}}],"collection":[{"href":"https:\/\/www.landstreicher-musik.de\/index.php?rest_route=\/wp\/v2\/pages"}],"about":[{"href":"https:\/\/www.landstreicher-musik.de\/index.php?rest_route=\/wp\/v2\/types\/page"}],"author":[{"embeddable":true,"href":"https:\/\/www.landstreicher-musik.de\/index.php?rest_route=\/wp\/v2\/users\/1"}],"replies":[{"embeddable":true,"href":"https:\/\/www.landstreicher-musik.de\/index.php?rest_route=%2Fwp%2Fv2%2Fcomments&post=36"}],"version-history":[{"count":3,"href":"https:\/\/www.landstreicher-musik.de\/index.php?rest_route=\/wp\/v2\/pages\/36\/revisions"}],"predecessor-version":[{"id":48,"href":"https:\/\/www.landstreicher-musik.de\/index.php?rest_route=\/wp\/v2\/pages\/36\/revisions\/48"}],"wp:attachment":[{"href":"https:\/\/www.landstreicher-musik.de\/index.php?rest_route=%2Fwp%2Fv2%2Fmedia&parent=36"}],"curies":[{"name":"wp","href":"https:\/\/api.w.org\/{rel}","templated":true}]}}