{"id":801,"date":"2018-06-25T01:34:23","date_gmt":"2018-06-24T23:34:23","guid":{"rendered":"http:\/\/www.landstreicher-musik.de\/?page_id=801"},"modified":"2018-07-02T16:08:57","modified_gmt":"2018-07-02T14:08:57","slug":"landstreicher-2018-die-cd-fuers-leben","status":"publish","type":"page","link":"https:\/\/www.landstreicher-musik.de\/?page_id=801","title":{"rendered":"Unsere CD"},"content":{"rendered":"<p><a href=\"https:\/\/www.landstreicher-musik.de\/wp-content\/uploads\/2018\/06\/LandStreicherCD.png\"><img loading=\"lazy\" decoding=\"async\" class=\"alignnone size-medium wp-image-799\" src=\"https:\/\/www.landstreicher-musik.de\/wp-content\/uploads\/2018\/06\/LandStreicherCD-300x275.png\" alt=\"\" width=\"300\" height=\"275\" srcset=\"https:\/\/www.landstreicher-musik.de\/wp-content\/uploads\/2018\/06\/LandStreicherCD-300x275.png 300w, https:\/\/www.landstreicher-musik.de\/wp-content\/uploads\/2018\/06\/LandStreicherCD-768x703.png 768w, https:\/\/www.landstreicher-musik.de\/wp-content\/uploads\/2018\/06\/LandStreicherCD-1024x937.png 1024w, https:\/\/www.landstreicher-musik.de\/wp-content\/uploads\/2018\/06\/LandStreicherCD.png 1041w\" sizes=\"auto, (max-width: 300px) 100vw, 300px\" \/><\/a><\/p>\n<p><span style=\"color: #993300;\"><strong>LandStreicher 2018<\/strong> <\/span>&#8211; Die CD f\u00fcrs Leben &#8211; Jetzt ist sie da&#8230;es ist unsere erste offizielle CD mit all unseren Lieblingsst\u00fccken und einem spannenden Brettspiel!!<\/p>\n<p class=\"p2\"><span style=\"color: #993300;\"><b>Fragen an die LandStreicher<\/b><\/span><\/p>\n<p class=\"p3\"><span class=\"s1\" style=\"color: #993300;\"><strong>Warum eine CD<\/strong>?<\/span> Es wurde halt mal Zeit. Es ist \u00fcbrigens auch unsere Erste.<span class=\"Apple-converted-space\">&nbsp; <\/span><span style=\"color: #993300;\"><strong><span class=\"s1\">Warum keine Walzer? <\/span><\/strong><\/span>Warum nicht? Live spielen wir welche, kommt doch mal zum H\u00f6ren. <span style=\"color: #993300;\"><strong><span class=\"s1\">Wie habt ihr die CD aufgenommen? <\/span><\/strong><\/span>Das haben wir selber gemacht in einem<span class=\"Apple-converted-space\">&nbsp; <\/span>sch\u00f6nen Saal mit knarzenden Fussboden. <span style=\"color: #993300;\"><strong><span class=\"s1\">Warum ein Brett-Spiel auf der CD?<\/span><\/strong><span class=\"Apple-converted-space\">&nbsp; <\/span><\/span>Weil es Spass macht. <span style=\"color: #993300;\"><strong><span class=\"s1\"> Wann kommt die n\u00e4chste CD? <\/span><\/strong><\/span>N\u00e4chste Frage&#8230;<\/p>\n<p class=\"p2\"><span style=\"color: #993300;\"><b>Wissenswertes <\/b><\/span><\/p>\n<p class=\"p3\"><span class=\"s1\"><b><span style=\"color: #993300;\">Wann<\/span> : <\/b><\/span>Aufgenommen im Schloss Schwanberg 5.-7. Mai und 4.-6. August 2017 im Hausmacher Stil.&nbsp;<span class=\"s1\">Technik: <\/span>Ein Rode NT4 Stereomikro, ein handels\u00fcbliches Smartphone, ein I-Rig Pro Duo, und die geliebte Dropbox.<\/p>\n<p class=\"p1\"><span style=\"color: #993300;\"><strong>Was issen drauf?<\/strong><\/span><\/p>\n<p class=\"p2\"><span class=\"s1\">1. Kerwa Marsch &#8211;&nbsp;<\/span>2. Lauschaer &#8211;&nbsp;<span class=\"s1\">3. Allerweil&nbsp; &#8211; 4<\/span><span class=\"s1\">. Canapee &#8211;&nbsp;<\/span>5. Melodie &#8211; 6. Trippel Schottisch &#8211;&nbsp;<span class=\"s1\">7. Gaens &#8211;&nbsp;<\/span><span class=\"s1\">8. Maurer&nbsp; &#8211;&nbsp;<\/span><span class=\"s1\">9. Winnie Du? &#8211;&nbsp; 1<\/span>0. Bonanza Schottisch &#8211;&nbsp;<span class=\"s1\">11. Der Mond &#8211;&nbsp;<\/span><span class=\"s1\">12. Schani Polka &#8211;&nbsp;<\/span><span class=\"s1\">13. Marcharett &#8211;&nbsp;&nbsp;<\/span><span class=\"s1\">14. Seele &#8211;&nbsp;<\/span><span class=\"s1\">15. Pause &#8211; <\/span><span class=\"s1\">16. Kehraus <\/span>Dreher<\/p>\n<p><span style=\"color: #993300;\"><strong>F\u00fcr 15 Euro inkl. Versand und Verpackung k\u00f6nnt Ihr sie \u00fcber Paypal bestellen &#8211; es wird die dortige Adresse f\u00fcr den Versand benutzt! Danke!<\/strong><\/span><\/p>\n<div class='wpecpp-container wpecpp-align-left'><form class='wpecpp-form' target='_blank' id=r0f26a4cf2c5fd91c37c111f5a2acb1dd action='https:\/\/www.paypal.com\/cgi-bin\/webscr' method='post'><input type='hidden' name='cmd' value='_xclick' \/><input type='hidden' name='business' value='info@gypsyguitar.de' \/><input type='hidden' name='currency_code' value='EUR' \/><input type='hidden' name='lc' value='de_DE'><input type='hidden' name='no_note' value=''><input type='hidden' name='paymentaction' value='sale'><input type='hidden' name='return' value='http:\/\/www.landstreicher-musik.de' \/><input type='hidden' name='bn' value='WPPlugin_SP'><input type='hidden' name='cancel_return' value='http:\/\/www.landstreicher-musik.de' \/><input style='border: none;' class='paypalbuttonimage' type='image' src='https:\/\/www.paypalobjects.com\/de_DE\/DE\/i\/btn\/btn_buynowCC_LG.gif' border='0' name='submit' alt='Make your payments with PayPal. It is free, secure, effective.' \/><img alt='' border='0' style='border:none;display:none;' src='https:\/\/www.paypal.com\/de_DE\/i\/scr\/pixel.gif' width='1' height='1' \/><input type='hidden' name='item_name' value='LandStreicher CD 2018' \/><input type='hidden' name='amount' value='15' \/><\/form><\/div>\n<p>&nbsp;<\/p>\n<p>&nbsp;<\/p>\n<p>&nbsp;<\/p>\n<p><span style=\"color: #993300;\"><strong>Wer nicht mit Paypal bestellen und bezahlen kann oder will, schickt uns einfach eine Email <a href=\"mailto:info@landstreicher-musik.de\">info@landstreicher-musik.de<\/a> mit seinem Wunsch und der Postanschrift. Danke!<\/strong><\/span><\/p>\n","protected":false},"excerpt":{"rendered":"<p>LandStreicher 2018 &#8211; Die CD f\u00fcrs Leben &#8211; Jetzt ist sie da&#8230;es ist unsere erste offizielle CD mit all unseren Lieblingsst\u00fccken und einem spannenden Brettspiel!! Fragen an die LandStreicher Warum eine CD? Es wurde halt mal Zeit. Es ist \u00fcbrigens auch unsere Erste.&nbsp; Warum keine Walzer? Warum nicht? Live spielen wir welche, kommt doch mal &#8230; <span class=\"more\"><a class=\"more-link\" href=\"https:\/\/www.landstreicher-musik.de\/?page_id=801\">[Read more&#8230;]<\/a><\/span><\/p>\n","protected":false},"author":1,"featured_media":0,"parent":0,"menu_order":0,"comment_status":"closed","ping_status":"closed","template":"","meta":{"ngg_post_thumbnail":0,"footnotes":""},"class_list":["entry","page","publish","author-wp_admin","post-801"],"_links":{"self":[{"href":"https:\/\/www.landstreicher-musik.de\/index.php?rest_route=\/wp\/v2\/pages\/801","targetHints":{"allow":["GET"]}}],"collection":[{"href":"https:\/\/www.landstreicher-musik.de\/index.php?rest_route=\/wp\/v2\/pages"}],"about":[{"href":"https:\/\/www.landstreicher-musik.de\/index.php?rest_route=\/wp\/v2\/types\/page"}],"author":[{"embeddable":true,"href":"https:\/\/www.landstreicher-musik.de\/index.php?rest_route=\/wp\/v2\/users\/1"}],"replies":[{"embeddable":true,"href":"https:\/\/www.landstreicher-musik.de\/index.php?rest_route=%2Fwp%2Fv2%2Fcomments&post=801"}],"version-history":[{"count":14,"href":"https:\/\/www.landstreicher-musik.de\/index.php?rest_route=\/wp\/v2\/pages\/801\/revisions"}],"predecessor-version":[{"id":823,"href":"https:\/\/www.landstreicher-musik.de\/index.php?rest_route=\/wp\/v2\/pages\/801\/revisions\/823"}],"wp:attachment":[{"href":"https:\/\/www.landstreicher-musik.de\/index.php?rest_route=%2Fwp%2Fv2%2Fmedia&parent=801"}],"curies":[{"name":"wp","href":"https:\/\/api.w.org\/{rel}","templated":true}]}}