{"id":9,"date":"2014-03-19T18:20:40","date_gmt":"2014-03-19T16:20:40","guid":{"rendered":"http:\/\/www.landstreicher-musik.de\/?page_id=9"},"modified":"2026-04-06T14:33:35","modified_gmt":"2026-04-06T12:33:35","slug":"termine","status":"publish","type":"page","link":"https:\/\/www.landstreicher-musik.de\/?page_id=9","title":{"rendered":"Termine"},"content":{"rendered":"<p>&nbsp;<\/p>\n<p><span style=\"color: #000000;\"><strong>Unsere Termine &#8211; da kommen st\u00e4ndig neue dazu &#8211; und ja wir freuen uns auf euch!&nbsp;<\/strong><\/span>Falls n\u00e4here Informationen bekannt sind, hinterlegen wir einen Link! PV= Privatveranstaltung &#8211; leider nicht \u00f6ffentlich<\/p>\n<p><strong>TERMINE 2026<\/strong><\/p>\n<p><strong><span style=\"color: #ff9900;\">03.05.2026 &#8211; Kirchheim<br \/>\n<\/span><\/strong><span style=\"color: #ff9900;\"><span style=\"color: #000000;\">Auftaktveranstaltung Seniorenwochen<br \/>\n(15 &#8211; 17:00, Turnhalle Kirchheim)<\/span><\/span><strong><span style=\"color: #ff9900;\"><br \/>\n<\/span><\/strong><\/p>\n<p><strong><span style=\"color: #ff9900;\">18.04.2026 &#8211; Kirchheim<br \/>\n<\/span><\/strong><span style=\"color: #ff9900;\"><span style=\"color: #000000;\">Mitwirkung beim Fr\u00fchjahrskonzert des MGV Liederkranz<br \/>\n(19:00 Uhr im Pfarrheim Kirchheim)<\/span><\/span><\/p>\n<p><span style=\"color: #ff9900;\"><strong>11.04.2026 &#8211; W\u00fcrzburg<\/strong><\/span><br \/>\nMusikalisches Schmankerl auf \u00b4ner Geburtstagsfeier (PV)<\/p>\n<p>&nbsp;<\/p>\n<p><strong><span style=\"color: #ff0000;\">TERMINE 2025<\/span><\/strong><\/p>\n<p><strong><span style=\"color: #ff9900;\">14.12.2025 &#8211; Kirchheim<\/span><\/strong><br \/>\nMitwirkung beim Adventskonzert in der Kirche<\/p>\n<p><strong><span style=\"color: #ff9900;\">26.07.2025 &#8211; Kirchheim<\/span><\/strong><br \/>\nViel Gaudi auf einer Doppel-Geburtstagsfeier (PV)<\/p>\n<p><strong><span style=\"color: #ff9900;\">06.06.2025 \/ 26.07.2025 \/ 01.08.2025 &#8211; Tanzkurs Kirchheim<br \/>\n<\/span><\/strong>Erster Versuch, fr\u00e4nkischen Volkstanz unter die Leute zu bringen<\/p>\n<p>&nbsp;<\/p>\n<p><em><span style=\"color: #000000;\">Wir hatten eine lange Pause&#8230; Aber wir spielen wieder f\u00fcr euch. Meldet euch einfach&#8230;<\/span><\/em><\/p>\n<p>&nbsp;<\/p>\n<p><strong><span style=\"color: #ff0000;\">TERMINE 2021<\/span><\/strong><\/p>\n<p><span style=\"color: #ff9900;\"><strong>14.08.2021 &#8211; Geroldshausen \/ Kirchheim<\/strong><br \/>\n<span style=\"color: #000000;\">Endlich wieder live vor Publikum spielen!&nbsp; Taufe und<\/span> <span style=\"color: #000000;\">Familienfeier (PV)<\/span><br \/>\n<\/span><\/p>\n<p><span style=\"color: #000000;\">Die Inzidenzen sinken &#8211; das Wetter wird sch\u00f6ner &#8211; und wir haben schon wieder neue St\u00fccke im Repertoire &#8211;<br \/>\nund die w\u00fcrden wir gerne auf eurer Feier mal spielen!<\/span><\/p>\n<p><span style=\"color: #000000;\">und die w\u00fcrden wir gerne auf eurer Feier mal spielen!<br \/>\n<\/span><\/p>\n<p>&nbsp;<\/p>\n<p><span style=\"color: #ff0000;\"><strong>TERMINE 2020&nbsp;&nbsp;&nbsp;&nbsp;&nbsp;&nbsp;&nbsp;&nbsp;&nbsp;&nbsp;&nbsp; <span style=\"color: #ff9900;\">Nix war\u00b4s &#8211; Corona kam dazwischen!<br \/>\n&nbsp;&nbsp;&nbsp;&nbsp;&nbsp;&nbsp;&nbsp;&nbsp;&nbsp;&nbsp;&nbsp;&nbsp;&nbsp;&nbsp;&nbsp;&nbsp;&nbsp;&nbsp;&nbsp;&nbsp;&nbsp;&nbsp;&nbsp;&nbsp;&nbsp;&nbsp;&nbsp;&nbsp;&nbsp;&nbsp;&nbsp;&nbsp;&nbsp;&nbsp;&nbsp;&nbsp;&nbsp;&nbsp;&nbsp; Aber danach k\u00f6nnt ihr uns wieder buchen!<br \/>\n<\/span><\/strong><\/span><\/p>\n<p><span style=\"color: #000000;\"><span style=\"color: #ff9900;\"><strong>19.04.2020 &#8211; W\u00fcrzburg<\/strong><\/span><br \/>\n<\/span><span style=\"color: #000000;\">90. Geburtstag im Doppelpack! Da rocken wir alte Zeiten auf!(PV)<\/span><\/p>\n<p><span style=\"color: #ff9900;\"><strong>29.05. &#8211; 01.06. &#8211; Regen<\/strong><\/span><br \/>\nWir spielen auf beim &#8222;<strong>drumherum<\/strong>&#8222;! Wer noch nicht im Mekka der Volksmusik war, muss unbedingt dorthin!<\/p>\n<p><span style=\"color: #ff9900;\"><strong>19.07.2020 &#8211; Pfarrfest St. Alfons in W\u00fcrzburg<\/strong><\/span><\/p>\n<p><span style=\"color: #000000;\"><strong>22.08.2020 &#8211; Kirchheim<\/strong><br \/>\n<\/span>80. Geburtstag im Heblingshof (nat\u00fcrlich mit Corona-Hygienekonzept!) (PV)<\/p>\n<p><strong>13.09.2020 W\u00fcrzburg<\/strong><br \/>\nNachmittag am Sch\u00fctzenhof \u00fcber&nbsp; W\u00fcrzburg &#8211; f\u00fcr uns die ideale Location!<\/p>\n<p>&nbsp;<\/p>\n<p><span style=\"color: #ff0000;\"><strong>TERMINE 2019<\/strong><\/span><\/p>\n<p><strong>4.02.2019 &#8211; W\u00fcrzburg,<br \/>\n<\/strong>Weil\u00b4s so sch\u00f6n war, nochmal eine Geburtstagsfeier&nbsp; PV<\/p>\n<p><strong>1.06.2019 &#8211;&nbsp;Deutsch- franz\u00f6sische Freundschaft &#8211; ein Event in Margets\u00f6chheim PV<\/strong><\/p>\n<p><strong>22.06.2019<\/strong> &#8211; Wir spielen im <strong>Freilandmuseum Bad Windsheim<\/strong> zur <strong>Museumsnacht 22.<\/strong>&nbsp;Juni 2019 18:00 Uhr (Ende gegen 23:55 Uhr)<\/p>\n<p>Die Nacht der leisen T\u00f6ne unterm Sternenhimmel mit Zauberei, Lesungen, Theater, viel Musik und Mitternachtsfeuer, Eintritt 12 \u20ac, Familien 27 \u20ac<\/p>\n<p><strong>28.06.2019 &#8211; Sonnwendfeier der Waldorf-Schule W\u00fcrzburg<\/strong> ab 19:00 Uhr<\/p>\n<p><strong>20.07.2019 &#8211;&nbsp;Th\u00fcringer H\u00fctte, Rh\u00f6n<\/strong> &#8211; da ist es immer wieder sch\u00f6n! PV<\/p>\n<p><strong>21.07.2019 &#8211; Pfarrfest St. Alfons ab 16.00 Uhr<\/strong><\/p>\n<p><strong>15.09.2019 &#8211; <\/strong><strong>Kirchheim<\/strong>&nbsp;das Museumsfest &#8211; \u00f6ffentlich &#8211; ab 15.00 diesmal fordern wir zum Tanz auf! Kommet zuhauf, macht mit und dann &#8211; fre\u00dft den Blatz und die Bratw\u00fcrschd zamm!<\/p>\n<p><strong>19.10. 2019 &#8211;<\/strong> <strong>LandStreicher 20&nbsp;<\/strong> &#8211; zu unserer <strong>Geburtstagsfeier<\/strong> im Nebensaal der W\u00fcrzburger Hofbr\u00e4u gibts ne Riesen Sause &#8211; die Einladungen sind schon raus.<\/p>\n<p><strong>9.11.2019 &#8211; Geburtstagsfeier im Doppelpack<\/strong> &#8211; ein erfreuliches Wiedersehen PV<\/p>\n<p><strong>15.12.2019 &#8211; Weihnachtskonzert in 97268 Kirchheim<\/strong> &#8211; ein unerwartet besinnliches Event und das \u00f6ffentlich .-)<\/p>\n<p><span style=\"color: #ff0000;\"><strong>TERMINE 2018<\/strong><\/span><\/p>\n<p><strong>24.02.2018 &#8211; W\u00fcrzburg, im Walfisch&nbsp;<\/strong>Weil\u00b4s so sch\u00f6n war, nochmal eine Geburtstagsfeier&nbsp; PV<\/p>\n<p><strong>25.02.2018 &#8211; Herzlichen Gl\u00fcckwunsch, lieber Franz!&nbsp;<\/strong>Ein ganz besonders guter Freund feiert mit uns. PV<\/p>\n<p><strong>21.04.2018&nbsp;<\/strong> &#8211; <strong>Geburtstagsfeier<\/strong> &#8211; diesmal im Garten&nbsp; PV<\/p>\n<p><strong>16.06.2018 &#8211; <\/strong>wir freuen uns sehr, wieder bei einer <strong>Hochzeit<\/strong> spielen zu d\u00fcrfen &#8211; Bad Kissingen PV<\/p>\n<p><strong>22.06.2018<\/strong> &#8211; Wir spielen im <strong>Freilandmuseum Bad Windsheim<\/strong> zur <strong>Museumsnacht<\/strong><\/p>\n<p>Das d\u00fcrft Ihr nicht verpassen &#8211; tolle Atmosph\u00e4re &#8211; tolles Ambiente &#8211; tolle Musik, nicht nur bei uns. Wir spielen vor dem Flachsbrechhaus aus Gailshofen, Baugruppe Industrie und Technik ab 19.00 Uhr und freuen uns auf viele Zuh\u00f6rer!<\/p>\n<p><strong>30.06.2018 &#8211;<\/strong> und noch ein Grund zum Feiern- diesmal ein <strong>80.<\/strong> in Giebelstadt &#8211; PV<\/p>\n<p><strong>21.07.2018 &#8211;&nbsp;Th\u00fcringer H\u00fctte, Rh\u00f6n<\/strong> &#8211; da ist es immer wieder sch\u00f6n! PV<\/p>\n<p><strong>22.07.2018- Weinfest Theilheim 17.00-21.00&nbsp;<\/strong><\/p>\n<p>Sch\u00f6\u00f6\u00f6 wars &#8211; <a href=\"http:\/\/www.weinbau-theilheim.de\/41-uncategorised\/205-stimmungsvoller-weinfest-sonntag.html\">hier ein Link zu Bildchen und mehr<\/a><\/p>\n<p><strong>28.07.2018 &#8211; <\/strong>auch in<strong> Kirchheim<\/strong> wird geheiratet- und wird spielen zum Tanz auf! PV<\/p>\n<p><strong>13.10.2018 &#8211;<\/strong> <strong>Fr\u00e4nkischer Tanzabend im Gasthaus zum L\u00f6wen in Wittighausen ab 20.00 Uhr<\/strong> &#8211; zuvor gibt\u00b4s um 19.00 Uhr einen &#8222;Crashkurs&#8220; f\u00fcr Tanzanf\u00e4nger<\/p>\n<hr>\n<p><span style=\"color: #ff0000;\"><strong>TERMINE 2017<\/strong><\/span><\/p>\n<p><strong>17.03.2017 &#8211; <\/strong>Ein 60. Geburtstag&#8230;auf Schlo\u00df Saaleck in der Rh\u00f6n- das war sch\u00f6n!&nbsp;PV<\/p>\n<p><strong>29.04.2017 &#8211;<\/strong>&nbsp;Eine Hochzeit &#8211; immer ein Highlight!&#8230; PV in&nbsp;Stein<\/p>\n<p><strong>5-7.5.2017<\/strong>&nbsp; &#8211; Die Landstreicher sind im Studio!<\/p>\n<p><strong>8.5.2017 &#8211; <\/strong>Pier in W\u00fcrzburg &#8211; Kreuzfahrtschiff PV<\/p>\n<p><strong>20.05.2017<\/strong>&nbsp; &#8211; Ein runder Geburtstag&#8230; PV in&nbsp;Waldmannshofen<\/p>\n<p><strong>25.06.2017<\/strong> &#8211; Tag der Volksmusik in Bad Windsheim&#8230; im s\u00fcdlichen Biergarten<\/p>\n<p><strong>15.\/16.07.2017<\/strong> &#8211; Rh\u00f6n-Wochenende in der Th\u00fcringer H\u00fctte PV<\/p>\n<p><strong>17.07.2017<\/strong> &#8211; Pier in W\u00fcrzburg &#8211; Kreuzfahrtschiff PV<\/p>\n<p><strong>23.07.2017<\/strong> &#8211; Pfarrfest St. Alfons W\u00fcrzburg<\/p>\n<p><strong>4.-6.08.2017<\/strong> &#8211; Die Landtreicher sind im Studio (II)<\/p>\n<p><strong>10.09.2017<\/strong> &#8211; Tag des offenen Denkmals im Heblingshof \/ Kirchheim<\/p>\n<p><strong>30.09.2017<\/strong> &#8211; Weinprobe im Heblingshof \/ Kirchheim PV<\/p>\n<p><strong>11.09.2017<\/strong> &#8211; Pier in W\u00fcrzburg &#8211; Kreuzfahrtschiff PV<\/p>\n<p><strong>22.09.2017<\/strong> &#8211; Sommerlicher Weinspaziergang auf Schloss Saaleck \/ Hammelburg<\/p>\n<p><strong>06.11.2017 <\/strong>&#8211; Pier in W\u00fcrzburg &#8211; Kreuzfahrtschiff PV<\/p>\n","protected":false},"excerpt":{"rendered":"<p>&nbsp; Unsere Termine &#8211; da kommen st\u00e4ndig neue dazu &#8211; und ja wir freuen uns auf euch!&nbsp;Falls n\u00e4here Informationen bekannt sind, hinterlegen wir einen Link! PV= Privatveranstaltung &#8211; leider nicht \u00f6ffentlich TERMINE 2026 03.05.2026 &#8211; Kirchheim Auftaktveranstaltung Seniorenwochen (15 &#8211; 17:00, Turnhalle Kirchheim) 18.04.2026 &#8211; Kirchheim Mitwirkung beim Fr\u00fchjahrskonzert des MGV Liederkranz (19:00 Uhr im &#8230; <span class=\"more\"><a class=\"more-link\" href=\"https:\/\/www.landstreicher-musik.de\/?page_id=9\">[Read more&#8230;]<\/a><\/span><\/p>\n","protected":false},"author":1,"featured_media":0,"parent":0,"menu_order":0,"comment_status":"closed","ping_status":"closed","template":"","meta":{"ngg_post_thumbnail":0,"footnotes":""},"class_list":["entry","page","publish","author-wp_admin","post-9"],"_links":{"self":[{"href":"https:\/\/www.landstreicher-musik.de\/index.php?rest_route=\/wp\/v2\/pages\/9","targetHints":{"allow":["GET"]}}],"collection":[{"href":"https:\/\/www.landstreicher-musik.de\/index.php?rest_route=\/wp\/v2\/pages"}],"about":[{"href":"https:\/\/www.landstreicher-musik.de\/index.php?rest_route=\/wp\/v2\/types\/page"}],"author":[{"embeddable":true,"href":"https:\/\/www.landstreicher-musik.de\/index.php?rest_route=\/wp\/v2\/users\/1"}],"replies":[{"embeddable":true,"href":"https:\/\/www.landstreicher-musik.de\/index.php?rest_route=%2Fwp%2Fv2%2Fcomments&post=9"}],"version-history":[{"count":98,"href":"https:\/\/www.landstreicher-musik.de\/index.php?rest_route=\/wp\/v2\/pages\/9\/revisions"}],"predecessor-version":[{"id":1112,"href":"https:\/\/www.landstreicher-musik.de\/index.php?rest_route=\/wp\/v2\/pages\/9\/revisions\/1112"}],"wp:attachment":[{"href":"https:\/\/www.landstreicher-musik.de\/index.php?rest_route=%2Fwp%2Fv2%2Fmedia&parent=9"}],"curies":[{"name":"wp","href":"https:\/\/api.w.org\/{rel}","templated":true}]}}